{"id":4279,"date":"2023-10-13T17:39:29","date_gmt":"2023-10-13T15:39:29","guid":{"rendered":"https:\/\/www.bvs-blechtechnik.de\/processes\/material\/"},"modified":"2026-03-23T14:19:06","modified_gmt":"2026-03-23T13:19:06","slug":"material","status":"publish","type":"page","link":"https:\/\/www.bvs-blechtechnik.de\/en\/processes\/material\/","title":{"rendered":"Material"},"content":{"rendered":"<div id='img_stretch'  class='avia-section av-l1appnwk-10e2eaff7517060e405c3a67081b0929 main_color avia-section-no-padding avia-no-border-styling  avia-builder-el-0  el_before_av_one_full  avia-builder-el-first  avia-bg-style-scroll container_wrap sidebar_left'  ><div class='container av-section-cont-open' ><main  role=\"main\" itemprop=\"mainContentOfPage\"  class='template-page content  av-content-small units'><div class='post-entry post-entry-type-page post-entry-4279'><div class='entry-content-wrapper clearfix'>\n\n<style type=\"text\/css\" data-created_by=\"avia_inline_auto\" id=\"style-css-av-lfl3ztr3-99dff1a78bfd04301ad3bb3732d715bb\">\n.avia-image-container.av-lfl3ztr3-99dff1a78bfd04301ad3bb3732d715bb img.avia_image{\nbox-shadow:none;\n}\n.avia-image-container.av-lfl3ztr3-99dff1a78bfd04301ad3bb3732d715bb .av-image-caption-overlay-center{\ncolor:#ffffff;\n}\n<\/style>\n<div  class='avia-image-container av-lfl3ztr3-99dff1a78bfd04301ad3bb3732d715bb av-styling- avia-align-center  avia-builder-el-1  avia-builder-el-no-sibling '   itemprop=\"image\" itemscope=\"itemscope\" itemtype=\"https:\/\/schema.org\/ImageObject\" ><div class=\"avia-image-container-inner\"><div class=\"avia-image-overlay-wrap\"><img decoding=\"async\" class='wp-image-3945 avia-img-lazy-loading-not-3945 avia_image ' src=\"https:\/\/www.bvs-blechtechnik.de\/wp-content\/uploads\/2023\/10\/material_modulbanner.webp\" alt='Headerbild: Prozesse Material' title=''  height=\"450\" width=\"1920\"  itemprop=\"thumbnailUrl\" srcset=\"https:\/\/www.bvs-blechtechnik.de\/wp-content\/uploads\/2023\/10\/material_modulbanner.webp 1920w, https:\/\/www.bvs-blechtechnik.de\/wp-content\/uploads\/2023\/10\/material_modulbanner-300x70.webp 300w, https:\/\/www.bvs-blechtechnik.de\/wp-content\/uploads\/2023\/10\/material_modulbanner-1030x241.webp 1030w, https:\/\/www.bvs-blechtechnik.de\/wp-content\/uploads\/2023\/10\/material_modulbanner-768x180.webp 768w, https:\/\/www.bvs-blechtechnik.de\/wp-content\/uploads\/2023\/10\/material_modulbanner-1536x360.webp 1536w, https:\/\/www.bvs-blechtechnik.de\/wp-content\/uploads\/2023\/10\/material_modulbanner-1500x352.webp 1500w, https:\/\/www.bvs-blechtechnik.de\/wp-content\/uploads\/2023\/10\/material_modulbanner-705x165.webp 705w\" sizes=\"(max-width: 1920px) 100vw, 1920px\" \/><\/div><\/div><\/div>\n<\/div><\/div><\/main><!-- close content main element --><\/div><\/div><div id='after_section_1'  class='main_color av_default_container_wrap container_wrap sidebar_left'  ><div class='container av-section-cont-open' ><div class='template-page content  av-content-small units'><div class='post-entry post-entry-type-page post-entry-4279'><div class='entry-content-wrapper clearfix'>\n<div class='flex_column av-36fboz-5a07c2597a5a006fb6ec4afda0832704 av_one_full  avia-builder-el-2  el_after_av_section  el_before_av_one_full  avia-builder-el-first  first flex_column_div '     ><section  class='av_textblock_section av-l1apt0ta-e15e8de31a075889299970ee703c05f7'  itemscope=\"itemscope\" itemtype=\"https:\/\/schema.org\/CreativeWork\" ><div class='avia_textblock'  itemprop=\"text\" ><h1>Your desired material<\/h1>\n<\/div><\/section><br \/>\n<section  class='av_textblock_section av-l1aptsyc-fd2d118279bb72a2b89ef27bd69492b5'  itemscope=\"itemscope\" itemtype=\"https:\/\/schema.org\/CreativeWork\" ><div class='avia_textblock'  itemprop=\"text\" ><p>We process a wide range of common materials in many sheet thicknesses.<br \/>\nWhether aluminum, steel, stainless steel or copper, we offer you the right material depending on your requirements and product.<\/p>\n<h4>MATERIAL<\/h4>\n<ul style=\"padding-top: 15px;\">\n<li><strong>Aluminium:<\/strong> 0,5 &#8211; 4 mm standard | partly up to 15 mm possible<\/li>\n<li><strong>Various steel types:<\/strong> 0.5 &#8211; 4 mm standard | partly up to 20 mm possible<\/li>\n<li><strong>Stainless steel:<\/strong> 0.5 &#8211; 5 mm standard | partly up to 12 mm possible<\/li>\n<li><strong>Non-ferrous metals:<\/strong> 0.5 &#8211; 3 mm standard | partly up to 8 mm possible<\/li>\n<\/ul>\n<p>Approximately 150 different sheets in stock. Standard format: 1,250 x 2,500 mm.<br \/>\nOther metal materials on request. <strong><a href=\"https:\/\/www.bvs-blechtechnik.de\/en\/contact\/\">request.<\/a><\/strong><\/p>\n<\/div><\/section><\/p><\/div>\n<div class='flex_column av-43trc4-35c02b9517581bc1e704e9700a93ecba av_one_full  avia-builder-el-5  el_after_av_one_full  avia-builder-el-last  first flex_column_div column-top-margin'     ><div  class='avia-video av-2shdb8-f4833a71f39ef2227d7a23083bff4829 avia-video-16-9 av-no-preview-image avia-video-load-always av-lazyload-immediate av-lazyload-video-embed'  itemprop=\"video\" itemtype=\"https:\/\/schema.org\/VideoObject\"  data-original_url='https:\/\/youtu.be\/YM2_tJFWfCE'><script type='text\/html' class='av-video-tmpl'><div class='avia-iframe-wrap'><iframe title=\"Blechst\u00e4rke &amp; Stabilit\u00e4t erkl\u00e4rt \u2013 So spart BVS Kosten durch Leichtbau und intelligente Konstruktion\" width=\"1500\" height=\"844\" src=\"https:\/\/www.youtube.com\/embed\/YM2_tJFWfCE?feature=oembed&autoplay=0&loop=0&controls=1&mute=0\" frameborder=\"0\" allow=\"accelerometer; autoplay; clipboard-write; encrypted-media; gyroscope; picture-in-picture; web-share\" referrerpolicy=\"strict-origin-when-cross-origin\" allowfullscreen><\/iframe><\/div><\/script><div class='av-click-to-play-overlay'><div class=\"avia_playpause_icon\"><\/div><\/div><\/div><\/div>\n","protected":false},"excerpt":{"rendered":"","protected":false},"author":1,"featured_media":0,"parent":4258,"menu_order":6,"comment_status":"closed","ping_status":"closed","template":"","meta":{"footnotes":""},"class_list":["post-4279","page","type-page","status-publish","hentry"],"_links":{"self":[{"href":"https:\/\/www.bvs-blechtechnik.de\/en\/wp-json\/wp\/v2\/pages\/4279","targetHints":{"allow":["GET"]}}],"collection":[{"href":"https:\/\/www.bvs-blechtechnik.de\/en\/wp-json\/wp\/v2\/pages"}],"about":[{"href":"https:\/\/www.bvs-blechtechnik.de\/en\/wp-json\/wp\/v2\/types\/page"}],"author":[{"embeddable":true,"href":"https:\/\/www.bvs-blechtechnik.de\/en\/wp-json\/wp\/v2\/users\/1"}],"replies":[{"embeddable":true,"href":"https:\/\/www.bvs-blechtechnik.de\/en\/wp-json\/wp\/v2\/comments?post=4279"}],"version-history":[{"count":0,"href":"https:\/\/www.bvs-blechtechnik.de\/en\/wp-json\/wp\/v2\/pages\/4279\/revisions"}],"up":[{"embeddable":true,"href":"https:\/\/www.bvs-blechtechnik.de\/en\/wp-json\/wp\/v2\/pages\/4258"}],"wp:attachment":[{"href":"https:\/\/www.bvs-blechtechnik.de\/en\/wp-json\/wp\/v2\/media?parent=4279"}],"curies":[{"name":"wp","href":"https:\/\/api.w.org\/{rel}","templated":true}]}}