{"id":4273,"date":"2023-10-13T17:32:49","date_gmt":"2023-10-13T15:32:49","guid":{"rendered":"https:\/\/www.bvs-blechtechnik.de\/processes\/surface-refinement\/"},"modified":"2026-04-22T14:29:11","modified_gmt":"2026-04-22T12:29:11","slug":"surface-refinement","status":"publish","type":"page","link":"https:\/\/www.bvs-blechtechnik.de\/en\/processes\/surface-refinement\/","title":{"rendered":"Surface refinement"},"content":{"rendered":"<div id='img_stretch'  class='avia-section av-4tkjj5-606f60695cdda3f2075a384c416d9b84 main_color avia-section-no-padding avia-no-border-styling  avia-builder-el-0  el_before_av_one_full  avia-builder-el-first  avia-bg-style-scroll container_wrap sidebar_left'  ><div class='container av-section-cont-open' ><main  role=\"main\" itemprop=\"mainContentOfPage\"  class='template-page content  av-content-small units'><div class='post-entry post-entry-type-page post-entry-4273'><div class='entry-content-wrapper clearfix'>\n\n<style type=\"text\/css\" data-created_by=\"avia_inline_auto\" id=\"style-css-av-lnyqifjl-e8b68f93b6784a8d39b4bd824830a9b8\">\n.avia-image-container.av-lnyqifjl-e8b68f93b6784a8d39b4bd824830a9b8 img.avia_image{\nbox-shadow:none;\n}\n.avia-image-container.av-lnyqifjl-e8b68f93b6784a8d39b4bd824830a9b8 .av-image-caption-overlay-center{\ncolor:#ffffff;\n}\n<\/style>\n<div  class='avia-image-container av-lnyqifjl-e8b68f93b6784a8d39b4bd824830a9b8 av-styling- avia-align-center  avia-builder-el-1  avia-builder-el-no-sibling '   itemprop=\"image\" itemscope=\"itemscope\" itemtype=\"https:\/\/schema.org\/ImageObject\" ><div class=\"avia-image-container-inner\"><div class=\"avia-image-overlay-wrap\"><img decoding=\"async\" class='wp-image-6335 avia-img-lazy-loading-not-6335 avia_image ' src=\"https:\/\/www.bvs-blechtechnik.de\/wp-content\/uploads\/2025\/08\/1920x450_Headerbild_Oberflaechenveredelung_CoatMasterFlex2025.webp\" alt='' title='1920x450_Headerbild_Oberfla\u0308chenveredelung_CoatMasterFlex2025'  height=\"450\" width=\"1920\"  itemprop=\"thumbnailUrl\" srcset=\"https:\/\/www.bvs-blechtechnik.de\/wp-content\/uploads\/2025\/08\/1920x450_Headerbild_Oberflaechenveredelung_CoatMasterFlex2025.webp 1920w, https:\/\/www.bvs-blechtechnik.de\/wp-content\/uploads\/2025\/08\/1920x450_Headerbild_Oberflaechenveredelung_CoatMasterFlex2025-300x70.webp 300w, https:\/\/www.bvs-blechtechnik.de\/wp-content\/uploads\/2025\/08\/1920x450_Headerbild_Oberflaechenveredelung_CoatMasterFlex2025-1030x241.webp 1030w, https:\/\/www.bvs-blechtechnik.de\/wp-content\/uploads\/2025\/08\/1920x450_Headerbild_Oberflaechenveredelung_CoatMasterFlex2025-768x180.webp 768w, https:\/\/www.bvs-blechtechnik.de\/wp-content\/uploads\/2025\/08\/1920x450_Headerbild_Oberflaechenveredelung_CoatMasterFlex2025-1536x360.webp 1536w, https:\/\/www.bvs-blechtechnik.de\/wp-content\/uploads\/2025\/08\/1920x450_Headerbild_Oberflaechenveredelung_CoatMasterFlex2025-1500x352.webp 1500w, https:\/\/www.bvs-blechtechnik.de\/wp-content\/uploads\/2025\/08\/1920x450_Headerbild_Oberflaechenveredelung_CoatMasterFlex2025-705x165.webp 705w\" sizes=\"(max-width: 1920px) 100vw, 1920px\" \/><\/div><\/div><\/div>\n<\/div><\/div><\/main><!-- close content main element --><\/div><\/div><div id='after_section_1'  class='main_color av_default_container_wrap container_wrap sidebar_left'  ><div class='container av-section-cont-open' ><div class='template-page content  av-content-small units'><div class='post-entry post-entry-type-page post-entry-4273'><div class='entry-content-wrapper clearfix'>\n<div class='flex_column av-20aa3l-8c73dd93b61a98f77319f24e6e773670 av_one_full  avia-builder-el-2  el_after_av_section  el_before_av_one_full  avia-builder-el-first  first flex_column_div '     ><section  class='av_textblock_section av-lnyqjho2-8528e334f50bb9768b14d973e8b6ba45'  itemscope=\"itemscope\" itemtype=\"https:\/\/schema.org\/CreativeWork\" ><div class='avia_textblock'  itemprop=\"text\" ><h1>Surface refinement<\/h1>\n<\/div><\/section><br \/>\n<section  class='av_textblock_section av-lnyqj6jl-d9d0bef0aa560151ca0809efe4ee84a9'  itemscope=\"itemscope\" itemtype=\"https:\/\/schema.org\/CreativeWork\" ><div class='avia_textblock processdetail_page'  itemprop=\"text\" ><p>In the modern metalworking industry, surface finishing plays a decisive role in not only making products aesthetically pleasing, but also increasing their functionality and durability. Whether for industrial applications, architecture or consumer goods, high-quality surface finishing is a must.<\/p>\n<p><strong>Why is surface refinement important?<\/strong><br \/>\nMetals are naturally susceptible to corrosion and mechanical wear. A professional surface finish protects the material from environmental influences such as moisture, chemicals or UV radiation. It also improves electrical conductivity, heat dissipation and can improve friction properties, depending on the process chosen.<\/p>\n<\/div><\/section><br \/>\n\n<style type=\"text\/css\" data-created_by=\"avia_inline_auto\" id=\"style-css-av-lymqgs1l-620f14e643d2f8b2c14e0771aa67d7d5\">\n#top .hr.hr-invisible.av-lymqgs1l-620f14e643d2f8b2c14e0771aa67d7d5{\nheight:30px;\n}\n<\/style>\n<div  class='hr av-lymqgs1l-620f14e643d2f8b2c14e0771aa67d7d5 hr-invisible  avia-builder-el-5  el_after_av_textblock  el_before_av_textblock '><span class='hr-inner '><span class=\"hr-inner-style\"><\/span><\/span><\/div><br \/>\n<section  class='av_textblock_section av-lymqix6s-0650f2bd45358e39459269f6df48490e'  itemscope=\"itemscope\" itemtype=\"https:\/\/schema.org\/CreativeWork\" ><div class='avia_textblock'  itemprop=\"text\" ><h2>Surface finishing: What techniques do we offer?<\/h2>\n<\/div><\/section><br \/>\n<section  class='av_textblock_section av-lymqkrcs-0faaf13878fdd47b6ba5a1d6e77aef8c'  itemscope=\"itemscope\" itemtype=\"https:\/\/schema.org\/CreativeWork\" ><div class='avia_textblock processdetail_page'  itemprop=\"text\" ><p><strong>Wet grinding<\/strong><br \/>\nWet grinding involves combining an abrasive with a special grinding fluid. This reduces heat development and minimises the risk of material deformation and grinding burn. This process is particularly suitable for the finest surface finishes and polished finishes.<\/p>\n<p><strong>Dry grinding<\/strong><br \/>\nIn dry grinding, the abrasive is used without liquid. This method is generally more efficient and quicker when removing coarse irregularities or old coatings. This procedure is often used for preparatory work before more detailed post-processing is carried out.<\/p>\n<p><strong>Deburring<\/strong><br \/>\nDeburring involves removing sharp edges, burrs and unevenness that can occur during cutting, punching or milling. It not only improves the aesthetics of the parts, but also prevents injuries and improves the functionality and durability of the products. There are different deburring techniques depending on the material, size and shape of the workpiece and the specific requirements of the end product.<\/p>\n<p><strong>Powder coating<\/strong><br \/>\nA \u2018colour powder\u2019 is applied electrostatically to the metal and then baked at a high temperature. This process is environmentally friendly and offers a wide range of colours and surface effects.<br \/>\n<strong>Advantages:<\/strong> Durability &#8211; Aesthetics &#8211; Functionality<\/p>\n<\/div><\/section><br \/>\n\n<style type=\"text\/css\" data-created_by=\"avia_inline_auto\" id=\"style-css-av-77mjb5-adccd0649667644085f62376de9f8368\">\n#top .hr.hr-invisible.av-77mjb5-adccd0649667644085f62376de9f8368{\nheight:30px;\n}\n<\/style>\n<div  class='hr av-77mjb5-adccd0649667644085f62376de9f8368 hr-invisible  avia-builder-el-8  el_after_av_textblock  el_before_av_textblock '><span class='hr-inner '><span class=\"hr-inner-style\"><\/span><\/span><\/div><br \/>\n<section  class='av_textblock_section av-lymqma0d-8b951032ed95b68c6c50a32de8e9b511'  itemscope=\"itemscope\" itemtype=\"https:\/\/schema.org\/CreativeWork\" ><div class='avia_textblock'  itemprop=\"text\" ><h3>What machines are available for surface finishing?<\/h3>\n<\/div><\/section><br \/>\n<section  class='av_textblock_section av-lymqnf0c-7c0af8c5191f7f510808c6714cbfcb08'  itemscope=\"itemscope\" itemtype=\"https:\/\/schema.org\/CreativeWork\" ><div class='avia_textblock processdetail_page'  itemprop=\"text\" ><p><strong>Grinding room \/ parts cleaning<\/strong><br \/>\nEquipment for brushing and grinding aluminium and stainless steel, vibratory grinding machine for deburring, cleaning machine with aqueous degreasing and phosphating, waste water-free.<\/p>\n<p><strong>Powder coating plant<\/strong><br \/>\nWith self-learning powder robots, max. Part size 2000 x 1500 mm, incl. Degreasing, pre-treatment and no-rinse coating, waste water-free.<\/p>\n<p><strong>Siebdruck<\/strong><br \/>\nBedruckung von Geh\u00e4useteilen aller Art im Siebdruckverfahren einfarbig \/ mehrfarbig. Front panels and rear panels in raw, galvanised or coated condition.<\/p>\n<\/div><\/section><br \/>\n\n<style type=\"text\/css\" data-created_by=\"avia_inline_auto\" id=\"style-css-av-58fqi9-3416281dea0928c2db815612347cdb5d\">\n#top .hr.hr-invisible.av-58fqi9-3416281dea0928c2db815612347cdb5d{\nheight:30px;\n}\n<\/style>\n<div  class='hr av-58fqi9-3416281dea0928c2db815612347cdb5d hr-invisible  avia-builder-el-11  el_after_av_textblock  el_before_av_textblock '><span class='hr-inner '><span class=\"hr-inner-style\"><\/span><\/span><\/div><br \/>\n<section  class='av_textblock_section av-lymqo9rb-c3ad065734aba3b75fb2748a6ed9c69d'  itemscope=\"itemscope\" itemtype=\"https:\/\/schema.org\/CreativeWork\" ><div class='avia_textblock'  itemprop=\"text\" ><h3>What options do our surface systems offer?<\/h3>\n<\/div><\/section><br \/>\n<section  class='av_textblock_section av-lymqq09o-8d2a28404c19e22fe0e28bb7176192ff'  itemscope=\"itemscope\" itemtype=\"https:\/\/schema.org\/CreativeWork\" ><div class='avia_textblock processdetail_page'  itemprop=\"text\" ><p>Our services as an integrated system provider also include a broad spectrum of surface finishing. Decorative sanding takes place on our dry sanding machine or our wet sanding machines after the sheet metal parts have been punched or lasered. Depending on the desired surface structure and specified surface standard, we select the appropriate grit sizes of the grinding belts. We round off any sharp edges on our deburring machines. In between, we degrease and clean possible residues on the fully automatic pre-treatment plant, where the parts are simultaneously given corrosion protection.<\/p>\n<p>The sheet metal parts receive a &#8220;fresh&#8221; paint on the fully automatic powder coating line. Whether for protection, refinement or as a design element, with the huge selection of RAL, NCS or special colours, the products shine in a high-quality look and colour scheme. First, ferrous metals are pre-treated by means of iron phosphating. Aluminium parts pass through the bath for pickling degreasing. The chemical baths are dosed automatically and are therefore constant, which is regularly checked by our painters. After rinsing, dripping, no-rinse coating (a colourless passivation) and drying of the adhesive water, the actual powder coating takes place. Using self-teaching programming, the painting robots apply the required amount of powder evenly to the workpieces. For smaller quantities, our specialists take the spraying process into their own hands.<\/p>\n<p>Finally the baking in the oven takes place. Depending on the powder used (smooth, fine or coarse-structured powder), the metal now has a surface that not only looks good, but is also protected from the weather and is impact and scratch-resistant.<\/p>\n<p>With individual external refinements, your housings or components get that special touch. We print your logo, descriptions, design elements and necessary inscriptions on your products using the screen printing process. You provide us with your printing data, and we create the screen printing film and the negative stencil for the screen. Our experienced staff manually ducks the ordered markings on all surfaces (powder coated, painted, anodized, chromated, ground or raw material).<\/p>\n<\/div><\/section><br \/>\n\n<style type=\"text\/css\" data-created_by=\"avia_inline_auto\" id=\"style-css-av-46x7oh-0ff9853ad0099f3e5fe335797250fb14\">\n#top .hr.hr-invisible.av-46x7oh-0ff9853ad0099f3e5fe335797250fb14{\nheight:30px;\n}\n<\/style>\n<div  class='hr av-46x7oh-0ff9853ad0099f3e5fe335797250fb14 hr-invisible  avia-builder-el-14  el_after_av_textblock  el_before_av_video '><span class='hr-inner '><span class=\"hr-inner-style\"><\/span><\/span><\/div><br \/>\n<div  class='avia-video av-mmvvqmum-578068c1c01902924a06226387960850 avia-video-16-9 av-no-preview-image avia-video-load-always av-lazyload-immediate av-lazyload-video-embed'  itemprop=\"video\" itemtype=\"https:\/\/schema.org\/VideoObject\"  data-original_url='https:\/\/youtu.be\/j5mwJ77A7-k'><script type='text\/html' class='av-video-tmpl'><div class='avia-iframe-wrap'><iframe loading=\"lazy\" title=\"Pulverbeschichtung erkl\u00e4rt | 5 Fakten f\u00fcr perfekte Oberfl\u00e4chen\" width=\"1500\" height=\"844\" src=\"https:\/\/www.youtube.com\/embed\/j5mwJ77A7-k?feature=oembed&autoplay=0&loop=0&controls=1&mute=0\" frameborder=\"0\" allow=\"accelerometer; autoplay; clipboard-write; encrypted-media; gyroscope; picture-in-picture; web-share\" referrerpolicy=\"strict-origin-when-cross-origin\" allowfullscreen><\/iframe><\/div><\/script><div class='av-click-to-play-overlay'><div class=\"avia_playpause_icon\"><\/div><\/div><\/div><br \/>\n\n<style type=\"text\/css\" data-created_by=\"avia_inline_auto\" id=\"style-css-av-2l35z5-f3bb6b610a4ad8f92145755aa8a3b2cd\">\n#top .hr.hr-invisible.av-2l35z5-f3bb6b610a4ad8f92145755aa8a3b2cd{\nheight:30px;\n}\n<\/style>\n<div  class='hr av-2l35z5-f3bb6b610a4ad8f92145755aa8a3b2cd hr-invisible  avia-builder-el-16  el_after_av_video  avia-builder-el-last '><span class='hr-inner '><span class=\"hr-inner-style\"><\/span><\/span><\/div><\/p><\/div><div class='flex_column_table av-fp11t-66b61f60bf2934f783ebb84e8178b21b sc-av_one_full av-equal-height-column-flextable'>\n<style type=\"text\/css\" data-created_by=\"avia_inline_auto\" id=\"style-css-av-fp11t-66b61f60bf2934f783ebb84e8178b21b\">\n#top .flex_column_table.av-equal-height-column-flextable.av-fp11t-66b61f60bf2934f783ebb84e8178b21b{\nmargin-top:0px;\nmargin-bottom:0px;\n}\n.flex_column.av-fp11t-66b61f60bf2934f783ebb84e8178b21b{\n-webkit-border-radius:0px 0px 0px 0px;\n-moz-border-radius:0px 0px 0px 0px;\nborder-radius:0px 0px 0px 0px;\n}\n<\/style>\n<div class='flex_column av-fp11t-66b61f60bf2934f783ebb84e8178b21b av_one_full  avia-builder-el-17  el_after_av_one_full  avia-builder-el-last  first no_margin flex_column_table_cell av-equal-height-column av-align-top column-top-margin'     id=\"hidden_section_no\"  ><p>\n<style type=\"text\/css\" data-created_by=\"avia_inline_auto\" id=\"style-css-av-2ka0ld-d3dff5bd9c423147013c93e70cc0b561\">\n#top .av-special-heading.av-2ka0ld-d3dff5bd9c423147013c93e70cc0b561{\nmargin:20px 0 20px 0;\npadding-bottom:10px;\n}\nbody .av-special-heading.av-2ka0ld-d3dff5bd9c423147013c93e70cc0b561 .av-special-heading-tag .heading-char{\nfont-size:25px;\n}\n.av-special-heading.av-2ka0ld-d3dff5bd9c423147013c93e70cc0b561 .av-subheading{\nfont-size:15px;\n}\n<\/style>\n<div  class='av-special-heading av-2ka0ld-d3dff5bd9c423147013c93e70cc0b561 av-special-heading-h3 blockquote modern-quote  avia-builder-el-18  el_before_av_textblock  avia-builder-el-first '><h3 class='av-special-heading-tag'  itemprop=\"headline\"  >Request now<\/h3><div class=\"special-heading-border\"><div class=\"special-heading-inner-border\"><\/div><\/div><\/div><br \/>\n<section  id=\"form_lines\"  class='av_textblock_section av-lv0umgr1-18775ce93d1de206d96412c22c2d6d64'  itemscope=\"itemscope\" itemtype=\"https:\/\/schema.org\/CreativeWork\" ><div class='avia_textblock'  itemprop=\"text\" >\n<div class=\"wpcf7 no-js\" id=\"wpcf7-f4936-o1\" lang=\"en-US\" dir=\"ltr\" data-wpcf7-id=\"4936\">\n<div class=\"screen-reader-response\"><p role=\"status\" aria-live=\"polite\" aria-atomic=\"true\"><\/p> <ul><\/ul><\/div>\n<form action=\"\/en\/wp-json\/wp\/v2\/pages\/4273#wpcf7-f4936-o1\" method=\"post\" class=\"wpcf7-form init\" aria-label=\"Contact form\" novalidate=\"novalidate\" data-status=\"init\">\n<fieldset class=\"hidden-fields-container\"><input type=\"hidden\" name=\"_wpcf7\" value=\"4936\" \/><input type=\"hidden\" name=\"_wpcf7_version\" value=\"6.1.5\" \/><input type=\"hidden\" name=\"_wpcf7_locale\" value=\"en_US\" \/><input type=\"hidden\" name=\"_wpcf7_unit_tag\" value=\"wpcf7-f4936-o1\" \/><input type=\"hidden\" name=\"_wpcf7_container_post\" value=\"0\" \/><input type=\"hidden\" name=\"_wpcf7_posted_data_hash\" value=\"\" \/><input type=\"hidden\" name=\"_wpcf7cf_hidden_group_fields\" value=\"[]\" \/><input type=\"hidden\" name=\"_wpcf7cf_hidden_groups\" value=\"[]\" \/><input type=\"hidden\" name=\"_wpcf7cf_visible_groups\" value=\"[]\" \/><input type=\"hidden\" name=\"_wpcf7cf_repeaters\" value=\"[]\" \/><input type=\"hidden\" name=\"_wpcf7cf_steps\" value=\"{}\" \/><input type=\"hidden\" name=\"_wpcf7cf_options\" value=\"{&quot;form_id&quot;:4936,&quot;conditions&quot;:[],&quot;settings&quot;:{&quot;animation&quot;:&quot;yes&quot;,&quot;animation_intime&quot;:200,&quot;animation_outtime&quot;:200,&quot;conditions_ui&quot;:&quot;normal&quot;,&quot;notice_dismissed&quot;:false,&quot;notice_dismissed_rollback-cf7-5.8.1&quot;:true,&quot;notice_dismissed_update-cf7-6.1.2&quot;:true}}\" \/>\n<\/fieldset>\n<div class=\"wps-form\">\n\t<div class=\"wps-form-row\">\n\t\t<div class=\"wps-form-column\">\n\t\t\t<p><label> Contact person*<br \/>\n<span class=\"wpcf7-form-control-wrap\" data-name=\"bvs-ansprechpartner\"><input size=\"40\" maxlength=\"400\" class=\"wpcf7-form-control wpcf7-text wpcf7-validates-as-required\" aria-required=\"true\" aria-invalid=\"false\" value=\"\" type=\"text\" name=\"bvs-ansprechpartner\" \/><\/span> <\/label>\n\t\t\t<\/p>\n\t\t<\/div>\n\t\t<div class=\"wps-form-column\">\n\t\t\t<p><label> Phone<br \/>\n<span class=\"wpcf7-form-control-wrap\" data-name=\"bvs-telefon\"><input size=\"40\" maxlength=\"400\" class=\"wpcf7-form-control wpcf7-text\" aria-invalid=\"false\" value=\"\" type=\"text\" name=\"bvs-telefon\" \/><\/span> <\/label>\n\t\t\t<\/p>\n\t\t<\/div>\n\t<\/div>\n\t<div class=\"wps-form-row\">\n\t\t<div class=\"wps-form-column\">\n\t\t\t<p><label> E-mail*<br \/>\n<span class=\"wpcf7-form-control-wrap\" data-name=\"bvs-email\"><input size=\"40\" maxlength=\"400\" class=\"wpcf7-form-control wpcf7-email wpcf7-validates-as-required wpcf7-text wpcf7-validates-as-email\" aria-required=\"true\" aria-invalid=\"false\" value=\"\" type=\"email\" name=\"bvs-email\" \/><\/span> <\/label>\n\t\t\t<\/p>\n\t\t<\/div>\n\t\t<p><span id=\"wpcf7-69ef7a80c0f55-wrapper\" class=\"wpcf7-form-control-wrap mobile-722-wrap\" style=\"display:none !important; visibility:hidden !important;\"><label for=\"mobile\" class=\"hp-message\">Please leave this field empty.<\/label><input id=\"mobile\"  placeholder=\"Mobilnummer\"  class=\"wpcf7-form-control wpcf7-text\" type=\"text\" name=\"mobile-722\" value=\"\" size=\"40\" tabindex=\"-1\" autocomplete=\"new-password\" \/><\/span>\n\t\t<\/p>\n\t<\/div>\n\t<div class=\"wps-form-message\">\n\t\t<p><label> Message<br \/>\n<span class=\"wpcf7-form-control-wrap\" data-name=\"bvs-nachricht\"><textarea cols=\"40\" rows=\"10\" maxlength=\"2000\" class=\"wpcf7-form-control wpcf7-textarea\" aria-invalid=\"false\" name=\"bvs-nachricht\"><\/textarea><\/span> <\/label><br \/>\n<span id=\"wpcf7-69ef7a80c10b3-wrapper\" class=\"wpcf7-form-control-wrap zusatzinfos-723-wrap\" style=\"display:none !important; visibility:hidden !important;\"><label for=\"zusatz\" class=\"hp-message\">Please leave this field empty.<\/label><input id=\"zusatz\"  placeholder=\"Zusatzinformationen\"  class=\"wpcf7-form-control wpcf7-text\" type=\"text\" name=\"zusatzinfos-723\" value=\"\" size=\"40\" tabindex=\"-1\" autocomplete=\"new-password\" \/><\/span>\n\t\t<\/p>\n\t<\/div>\n\t<div class=\"bvscheckbox\">\n\t\t<p><span class=\"wpcf7-form-control-wrap\" data-name=\"checkbox-bvs\"><span class=\"wpcf7-form-control wpcf7-checkbox wpcf7-validates-as-required\"><span class=\"wpcf7-list-item first last\"><input type=\"checkbox\" name=\"checkbox-bvs[]\" value=\"I have taken note of the privacy policy\" \/><span class=\"wpcf7-list-item-label\">I have taken note of the privacy policy<\/span><\/span><\/span><\/span>\n\t\t<\/p>\n\t<\/div>\n\t<div class=\"dsgvo\">\n\t\t<p>I agree that the data I have provided may be collected and stored electronically. My data will only be used strictly for the purpose of processing and answering my request. By submitting the contact form, I agree to the processing of my data.\n\t\t<\/p>\n\t<\/div>\n\t<p><input class=\"wpcf7-form-control wpcf7-submit has-spinner\" type=\"submit\" value=\"Send request\" \/>\n\t<\/p>\n<\/div><div class=\"wpcf7-response-output\" aria-hidden=\"true\"><\/div>\n<\/form>\n<\/div>\n\n<\/div><\/section><\/p><\/div><\/div><!--close column table wrapper. Autoclose: 1 --><\/p>\n","protected":false},"excerpt":{"rendered":"","protected":false},"author":1,"featured_media":0,"parent":4258,"menu_order":4,"comment_status":"closed","ping_status":"closed","template":"","meta":{"footnotes":""},"class_list":["post-4273","page","type-page","status-publish","hentry"],"_links":{"self":[{"href":"https:\/\/www.bvs-blechtechnik.de\/en\/wp-json\/wp\/v2\/pages\/4273","targetHints":{"allow":["GET"]}}],"collection":[{"href":"https:\/\/www.bvs-blechtechnik.de\/en\/wp-json\/wp\/v2\/pages"}],"about":[{"href":"https:\/\/www.bvs-blechtechnik.de\/en\/wp-json\/wp\/v2\/types\/page"}],"author":[{"embeddable":true,"href":"https:\/\/www.bvs-blechtechnik.de\/en\/wp-json\/wp\/v2\/users\/1"}],"replies":[{"embeddable":true,"href":"https:\/\/www.bvs-blechtechnik.de\/en\/wp-json\/wp\/v2\/comments?post=4273"}],"version-history":[{"count":18,"href":"https:\/\/www.bvs-blechtechnik.de\/en\/wp-json\/wp\/v2\/pages\/4273\/revisions"}],"predecessor-version":[{"id":7320,"href":"https:\/\/www.bvs-blechtechnik.de\/en\/wp-json\/wp\/v2\/pages\/4273\/revisions\/7320"}],"up":[{"embeddable":true,"href":"https:\/\/www.bvs-blechtechnik.de\/en\/wp-json\/wp\/v2\/pages\/4258"}],"wp:attachment":[{"href":"https:\/\/www.bvs-blechtechnik.de\/en\/wp-json\/wp\/v2\/media?parent=4273"}],"curies":[{"name":"wp","href":"https:\/\/api.w.org\/{rel}","templated":true}]}}