{"id":4231,"date":"2023-10-07T11:10:57","date_gmt":"2023-10-07T09:10:57","guid":{"rendered":"https:\/\/www.bvs-blechtechnik.de\/services\/quality\/"},"modified":"2026-03-20T14:57:39","modified_gmt":"2026-03-20T13:57:39","slug":"quality","status":"publish","type":"page","link":"https:\/\/www.bvs-blechtechnik.de\/en\/services\/quality\/","title":{"rendered":"Quality"},"content":{"rendered":"<div id='img_stretch'  class='avia-section av-2m0l37-3deacb48ef57480886b5e8aca1d6cedb main_color avia-section-no-padding avia-no-border-styling  avia-builder-el-0  el_before_av_one_full  avia-builder-el-first  avia-bg-style-scroll container_wrap sidebar_left'  ><div class='container av-section-cont-open' ><main  role=\"main\" itemprop=\"mainContentOfPage\"  class='template-page content  av-content-small units'><div class='post-entry post-entry-type-page post-entry-4231'><div class='entry-content-wrapper clearfix'>\n\n<style type=\"text\/css\" data-created_by=\"avia_inline_auto\" id=\"style-css-av-lfl4ox5s-cb868580bfe9a3734676b8e1a0c08814\">\n.avia-image-container.av-lfl4ox5s-cb868580bfe9a3734676b8e1a0c08814 img.avia_image{\nbox-shadow:none;\n}\n.avia-image-container.av-lfl4ox5s-cb868580bfe9a3734676b8e1a0c08814 .av-image-caption-overlay-center{\ncolor:#ffffff;\n}\n<\/style>\n<div  class='avia-image-container av-lfl4ox5s-cb868580bfe9a3734676b8e1a0c08814 av-styling- avia-align-center  avia-builder-el-1  avia-builder-el-no-sibling '   itemprop=\"image\" itemscope=\"itemscope\" itemtype=\"https:\/\/schema.org\/ImageObject\" ><div class=\"avia-image-container-inner\"><div class=\"avia-image-overlay-wrap\"><img decoding=\"async\" class='wp-image-3921 avia-img-lazy-loading-not-3921 avia_image ' src=\"https:\/\/www.bvs-blechtechnik.de\/wp-content\/uploads\/2023\/10\/qualitaet_modulbanner.webp\" alt='' title=''  height=\"450\" width=\"1920\"  itemprop=\"thumbnailUrl\" srcset=\"https:\/\/www.bvs-blechtechnik.de\/wp-content\/uploads\/2023\/10\/qualitaet_modulbanner.webp 1920w, https:\/\/www.bvs-blechtechnik.de\/wp-content\/uploads\/2023\/10\/qualitaet_modulbanner-300x70.webp 300w, https:\/\/www.bvs-blechtechnik.de\/wp-content\/uploads\/2023\/10\/qualitaet_modulbanner-1030x241.webp 1030w, https:\/\/www.bvs-blechtechnik.de\/wp-content\/uploads\/2023\/10\/qualitaet_modulbanner-768x180.webp 768w, https:\/\/www.bvs-blechtechnik.de\/wp-content\/uploads\/2023\/10\/qualitaet_modulbanner-1536x360.webp 1536w, https:\/\/www.bvs-blechtechnik.de\/wp-content\/uploads\/2023\/10\/qualitaet_modulbanner-1500x352.webp 1500w, https:\/\/www.bvs-blechtechnik.de\/wp-content\/uploads\/2023\/10\/qualitaet_modulbanner-705x165.webp 705w\" sizes=\"(max-width: 1920px) 100vw, 1920px\" \/><\/div><\/div><\/div>\n<\/div><\/div><\/main><!-- close content main element --><\/div><\/div><div id='after_section_1'  class='main_color av_default_container_wrap container_wrap sidebar_left'  ><div class='container av-section-cont-open' ><div class='template-page content  av-content-small units'><div class='post-entry post-entry-type-page post-entry-4231'><div class='entry-content-wrapper clearfix'>\n<div class='flex_column av-6dhk2r-0e5b6b55769a5d7c5e92b71ec4dd2307 av_one_full  avia-builder-el-2  el_after_av_section  el_before_av_one_half  avia-builder-el-first  first flex_column_div '     ><section  class='av_textblock_section av-liin2uuq-d49d2945f13c2f57da86545883e15e79'  itemscope=\"itemscope\" itemtype=\"https:\/\/schema.org\/CreativeWork\" ><div class='avia_textblock'  itemprop=\"text\" ><h1>Tested quality for your sheet metal products.<\/h1>\n<p>Quality management and quality assurance are the prerequisites for the high quality of our products. Our quality management system is certified in accordance with the international standard ISO 9001:2015. In plain language, this means that we continuously optimize our processes in production and administration. We document all processes and plan and implement processes in a future-proof and efficient manner.<\/p>\n<\/div><\/section><\/div>\n\n<style type=\"text\/css\" data-created_by=\"avia_inline_auto\" id=\"style-css-av-4py828-e3fff198f1e974f97a985c3548a6e944\">\n#top .flex_column.av-4py828-e3fff198f1e974f97a985c3548a6e944{\nmargin-top:10px;\nmargin-bottom:0px;\n}\n.responsive #top #wrap_all .flex_column.av-4py828-e3fff198f1e974f97a985c3548a6e944{\nmargin-top:10px;\nmargin-bottom:0px;\n}\n\n@media only screen and (min-width: 990px){ \n#top .flex_column.av-4py828-e3fff198f1e974f97a985c3548a6e944{\nmargin-top:10px;\nmargin-bottom:10px;\n}\n.responsive #top #wrap_all .flex_column.av-4py828-e3fff198f1e974f97a985c3548a6e944{\nmargin-top:10px;\nmargin-bottom:10px;\n}\n}\n\n@media only screen and (min-width: 768px) and (max-width: 989px){ \n#top .flex_column.av-4py828-e3fff198f1e974f97a985c3548a6e944{\nmargin-top:10px;\nmargin-bottom:10px;\n}\n.responsive #top #wrap_all .flex_column.av-4py828-e3fff198f1e974f97a985c3548a6e944{\nmargin-top:10px;\nmargin-bottom:10px;\n}\n}\n\n@media only screen and (min-width: 480px) and (max-width: 767px){ \n#top .flex_column.av-4py828-e3fff198f1e974f97a985c3548a6e944{\nmargin-top:10px;\nmargin-bottom:10px;\n}\n.responsive #top #wrap_all .flex_column.av-4py828-e3fff198f1e974f97a985c3548a6e944{\nmargin-top:10px;\nmargin-bottom:10px;\n}\n}\n\n@media only screen and (max-width: 479px){ \n#top .flex_column.av-4py828-e3fff198f1e974f97a985c3548a6e944{\nmargin-top:10px;\nmargin-bottom:10px;\n}\n.responsive #top #wrap_all .flex_column.av-4py828-e3fff198f1e974f97a985c3548a6e944{\nmargin-top:10px;\nmargin-bottom:10px;\n}\n}\n<\/style>\n<div class='flex_column av-4py828-e3fff198f1e974f97a985c3548a6e944 av_one_half  avia-builder-el-4  el_after_av_one_full  el_before_av_one_half  first flex_column_div column-top-margin'     ><section  class='av_textblock_section av-lilhoq27-7996e7a1e2df12dc1aa697155755beff'  itemscope=\"itemscope\" itemtype=\"https:\/\/schema.org\/CreativeWork\" ><div class='avia_textblock'  itemprop=\"text\" ><p>In addition to the conscientious in-house inspection of products by our employees, we use a 3D CNC coordinate measuring machine and a laser-based 2D\/3D scanner to inspect punched laser blanks. Even the first sample parts meet the high quality requirements in terms of shape and position tolerances, which are checked and documented by our Zeiss Contura coordinate measuring machine. <\/p>\n<p>We use resources in an environmentally friendly and economical way. We are guided by the ISO 14001:2015 standard for environmental management, as operational environmental protection is important to us and also proves to be economical. We can offer you further individual quality checks on request. Get in touch with us.<\/p>\n<\/div><\/section><\/div>\n\n<style type=\"text\/css\" data-created_by=\"avia_inline_auto\" id=\"style-css-av-2p5c7k-9d8cb5c7d6bf559dc9051e89dd5c4c4d\">\n#top .flex_column.av-2p5c7k-9d8cb5c7d6bf559dc9051e89dd5c4c4d{\nmargin-top:0px;\nmargin-bottom:0px;\n}\n.flex_column.av-2p5c7k-9d8cb5c7d6bf559dc9051e89dd5c4c4d{\nz-index:1;\n}\n.responsive #top #wrap_all .flex_column.av-2p5c7k-9d8cb5c7d6bf559dc9051e89dd5c4c4d{\nmargin-top:0px;\nmargin-bottom:0px;\n}\n<\/style>\n<div class='flex_column av-2p5c7k-9d8cb5c7d6bf559dc9051e89dd5c4c4d av_one_half  avia-builder-el-6  el_after_av_one_half  el_before_av_one_full  flex_column_div av-custom-positioned column-top-margin'     ><p>\n<style type=\"text\/css\" data-created_by=\"avia_inline_auto\" id=\"style-css-av-lnvqvh3y-f6541a14f0872be0a852751846f0b01b\">\n#top .hr.hr-invisible.av-lnvqvh3y-f6541a14f0872be0a852751846f0b01b{\nheight:20px;\n}\n<\/style>\n<div  class='hr av-lnvqvh3y-f6541a14f0872be0a852751846f0b01b hr-invisible  avia-builder-el-7  el_before_av_image  avia-builder-el-first '><span class='hr-inner '><span class=\"hr-inner-style\"><\/span><\/span><\/div><br \/>\n\n<style type=\"text\/css\" data-created_by=\"avia_inline_auto\" id=\"style-css-av-lilhpbcf-572711a5524f854d52326f51cde86a8d\">\n.avia-image-container.av-lilhpbcf-572711a5524f854d52326f51cde86a8d img.avia_image{\nbox-shadow:none;\n}\n.avia-image-container.av-lilhpbcf-572711a5524f854d52326f51cde86a8d .av-image-caption-overlay-center{\ncolor:#ffffff;\n}\n<\/style>\n<div  class='avia-image-container av-lilhpbcf-572711a5524f854d52326f51cde86a8d av-styling- avia-align-left  avia-builder-el-8  el_after_av_hr  avia-builder-el-last '   itemprop=\"image\" itemscope=\"itemscope\" itemtype=\"https:\/\/schema.org\/ImageObject\" ><div class=\"avia-image-container-inner\"><div class=\"avia-image-overlay-wrap\"><img decoding=\"async\" class='wp-image-3922 avia-img-lazy-loading-not-3922 avia_image ' src=\"https:\/\/www.bvs-blechtechnik.de\/wp-content\/uploads\/2023\/10\/MessenZeiss_low2.webp\" alt='' title=''  height=\"638\" width=\"861\"  itemprop=\"thumbnailUrl\" srcset=\"https:\/\/www.bvs-blechtechnik.de\/wp-content\/uploads\/2023\/10\/MessenZeiss_low2.webp 861w, https:\/\/www.bvs-blechtechnik.de\/wp-content\/uploads\/2023\/10\/MessenZeiss_low2-300x222.webp 300w, https:\/\/www.bvs-blechtechnik.de\/wp-content\/uploads\/2023\/10\/MessenZeiss_low2-768x569.webp 768w, https:\/\/www.bvs-blechtechnik.de\/wp-content\/uploads\/2023\/10\/MessenZeiss_low2-705x522.webp 705w\" sizes=\"(max-width: 861px) 100vw, 861px\" \/><\/div><\/div><\/div><\/p><\/div>\n\n<style type=\"text\/css\" data-created_by=\"avia_inline_auto\" id=\"style-css-av-274c0g-45a45e794e661852a9dd7c1e6df11058\">\n#top .flex_column.av-274c0g-45a45e794e661852a9dd7c1e6df11058{\nmargin-top:10px;\nmargin-bottom:0px;\n}\n.responsive #top #wrap_all .flex_column.av-274c0g-45a45e794e661852a9dd7c1e6df11058{\nmargin-top:10px;\nmargin-bottom:0px;\n}\n<\/style>\n<div class='flex_column av-274c0g-45a45e794e661852a9dd7c1e6df11058 av_one_full  avia-builder-el-9  el_after_av_one_half  avia-builder-el-last  first flex_column_div column-top-margin'     ><p><section  class='av_textblock_section av-lilhqyx4-3fb895416790f5a7ee47fbb07a53192a'  itemscope=\"itemscope\" itemtype=\"https:\/\/schema.org\/CreativeWork\" ><div class='avia_textblock'  itemprop=\"text\" ><p><strong>&#8220;Every thread, every punching, every angle and every dimension. Everything is scrutinized,&#8221; adds Markus Secci, Head of QM at BVS Blechtechnik. <\/strong><\/p>\n<\/div><\/section><br \/>\n\n<style type=\"text\/css\" data-created_by=\"avia_inline_auto\" id=\"style-css-av-lnvqugiw-73947866450f07605f47974bd617cfdf\">\n#top .hr.hr-invisible.av-lnvqugiw-73947866450f07605f47974bd617cfdf{\nheight:25px;\n}\n<\/style>\n<div  class='hr av-lnvqugiw-73947866450f07605f47974bd617cfdf hr-invisible  avia-builder-el-11  el_after_av_textblock  el_before_av_video '><span class='hr-inner '><span class=\"hr-inner-style\"><\/span><\/span><\/div><br \/>\n<div  class='avia-video av-mmvvo3ho-dc6b50a5a4ad99989b1b1d897a0e4411 avia-video-16-9 av-no-preview-image avia-video-load-always av-lazyload-immediate av-lazyload-video-embed'  itemprop=\"video\" itemtype=\"https:\/\/schema.org\/VideoObject\"  data-original_url='https:\/\/youtu.be\/MHHmCpAYr3c'><script type='text\/html' class='av-video-tmpl'><div class='avia-iframe-wrap'><iframe loading=\"lazy\" title=\"Qualit\u00e4t ist kein Zufall | Qualit\u00e4tspr\u00fcfung bei BVS Blechtechnik\" width=\"1500\" height=\"844\" src=\"https:\/\/www.youtube.com\/embed\/MHHmCpAYr3c?feature=oembed&autoplay=0&loop=0&controls=1&mute=0\" frameborder=\"0\" allow=\"accelerometer; autoplay; clipboard-write; encrypted-media; gyroscope; picture-in-picture; web-share\" referrerpolicy=\"strict-origin-when-cross-origin\" allowfullscreen><\/iframe><\/div><\/script><div class='av-click-to-play-overlay'><div class=\"avia_playpause_icon\"><\/div><\/div><\/div><br \/>\n\n<style type=\"text\/css\" data-created_by=\"avia_inline_auto\" id=\"style-css-av-lilhuix4-6f9c64377d644ffd5c7509860a36f3eb\">\n#top .hr.hr-invisible.av-lilhuix4-6f9c64377d644ffd5c7509860a36f3eb{\nheight:10px;\n}\n<\/style>\n<div  class='hr av-lilhuix4-6f9c64377d644ffd5c7509860a36f3eb hr-invisible  avia-builder-el-13  el_after_av_video  el_before_av_video '><span class='hr-inner '><span class=\"hr-inner-style\"><\/span><\/span><\/div><br \/>\n<div  class='avia-video av-mmvvoge8-88435982854415716ba3d9993bf7027f avia-video-16-9 av-no-preview-image avia-video-load-always av-lazyload-immediate av-lazyload-video-embed'  itemprop=\"video\" itemtype=\"https:\/\/schema.org\/VideoObject\"  data-original_url='https:\/\/youtu.be\/Y0Sueg8xj_E'><script type='text\/html' class='av-video-tmpl'><div class='avia-iframe-wrap'><iframe loading=\"lazy\" title=\"Qualit\u00e4t mit System | Qualit\u00e4tssicherung in der Fertigung bei BVS Blechtechnik\" width=\"1500\" height=\"844\" src=\"https:\/\/www.youtube.com\/embed\/Y0Sueg8xj_E?feature=oembed&autoplay=0&loop=0&controls=1&mute=0\" frameborder=\"0\" allow=\"accelerometer; autoplay; clipboard-write; encrypted-media; gyroscope; picture-in-picture; web-share\" referrerpolicy=\"strict-origin-when-cross-origin\" allowfullscreen><\/iframe><\/div><\/script><div class='av-click-to-play-overlay'><div class=\"avia_playpause_icon\"><\/div><\/div><\/div><br \/>\n\n<style type=\"text\/css\" data-created_by=\"avia_inline_auto\" id=\"style-css-av-28c234-5ee26283d2a5f8aa04a8fbfdbf3fc7c4\">\n#top .hr.hr-invisible.av-28c234-5ee26283d2a5f8aa04a8fbfdbf3fc7c4{\nheight:10px;\n}\n<\/style>\n<div  class='hr av-28c234-5ee26283d2a5f8aa04a8fbfdbf3fc7c4 hr-invisible  avia-builder-el-15  el_after_av_video  el_before_av_textblock '><span class='hr-inner '><span class=\"hr-inner-style\"><\/span><\/span><\/div><br \/>\n<section  class='av_textblock_section av-lilhrxw3-f53732d678fcce5ad440143742120f55'  itemscope=\"itemscope\" itemtype=\"https:\/\/schema.org\/CreativeWork\" ><div class='avia_textblock'  itemprop=\"text\" ><p>Certificates:<\/p>\n<\/div><\/section><br \/>\n<div  class='avia-buttonrow-wrap av-liinfuql-916dafcceadec9ba4b065a51def08d99 avia-buttonrow-left  avia-builder-el-17  el_after_av_textblock  el_before_av_buttonrow '>\n\n<style type=\"text\/css\" data-created_by=\"avia_inline_auto\" id=\"style-css-av-29pcnc-90581148de20040018713717b48d1c49\">\n#top #wrap_all .avia-button.av-29pcnc-90581148de20040018713717b48d1c49{\nmargin-bottom:5px;\nmargin-right:5px;\n}\n<\/style>\n<a href='https:\/\/www.bvs-blechtechnik.de\/wp-content\/uploads\/2025\/05\/01-100-130020_Main_DE.pdf' class='avia-button av-29pcnc-90581148de20040018713717b48d1c49 avia-icon_select-yes-left-icon avia-size-small avia-color-theme-color' target=\"_blank\" rel=\"noopener noreferrer\"><span class='avia_button_icon avia_button_icon_left ' aria-hidden='true' data-av_icon='\ue835' data-av_iconfont='entypo-fontello'><\/span><span class='avia_iconbox_title' >Certificate ISO 9001:2015 (German)<\/span><\/a>\n<\/div><br \/>\n<div  class='avia-buttonrow-wrap av-mdipu3c3-71952bef05fbc58d37336dc1f27e741d avia-buttonrow-left  avia-builder-el-18  el_after_av_buttonrow  avia-builder-el-last '>\n\n<style type=\"text\/css\" data-created_by=\"avia_inline_auto\" id=\"style-css-av-mdipti6y-70b43def9a2239839ecebf7a71d0d2b6\">\n#top #wrap_all .avia-button.av-mdipti6y-70b43def9a2239839ecebf7a71d0d2b6{\nmargin-bottom:5px;\nmargin-right:5px;\n}\n<\/style>\n<a href='https:\/\/www.bvs-blechtechnik.de\/wp-content\/uploads\/2025\/05\/01-100-130020_Main_EN.pdf' class='avia-button av-mdipti6y-70b43def9a2239839ecebf7a71d0d2b6 avia-icon_select-yes-left-icon avia-size-small avia-color-theme-color' target=\"_blank\" rel=\"noopener noreferrer\"><span class='avia_button_icon avia_button_icon_left ' aria-hidden='true' data-av_icon='\ue835' data-av_iconfont='entypo-fontello'><\/span><span class='avia_iconbox_title' >Certificate ISO 9001:2015 (English)<\/span><\/a>\n<\/div><\/p><\/div>\n","protected":false},"excerpt":{"rendered":"","protected":false},"author":1,"featured_media":0,"parent":4222,"menu_order":30,"comment_status":"closed","ping_status":"closed","template":"","meta":{"footnotes":""},"class_list":["post-4231","page","type-page","status-publish","hentry"],"_links":{"self":[{"href":"https:\/\/www.bvs-blechtechnik.de\/en\/wp-json\/wp\/v2\/pages\/4231","targetHints":{"allow":["GET"]}}],"collection":[{"href":"https:\/\/www.bvs-blechtechnik.de\/en\/wp-json\/wp\/v2\/pages"}],"about":[{"href":"https:\/\/www.bvs-blechtechnik.de\/en\/wp-json\/wp\/v2\/types\/page"}],"author":[{"embeddable":true,"href":"https:\/\/www.bvs-blechtechnik.de\/en\/wp-json\/wp\/v2\/users\/1"}],"replies":[{"embeddable":true,"href":"https:\/\/www.bvs-blechtechnik.de\/en\/wp-json\/wp\/v2\/comments?post=4231"}],"version-history":[{"count":16,"href":"https:\/\/www.bvs-blechtechnik.de\/en\/wp-json\/wp\/v2\/pages\/4231\/revisions"}],"predecessor-version":[{"id":7111,"href":"https:\/\/www.bvs-blechtechnik.de\/en\/wp-json\/wp\/v2\/pages\/4231\/revisions\/7111"}],"up":[{"embeddable":true,"href":"https:\/\/www.bvs-blechtechnik.de\/en\/wp-json\/wp\/v2\/pages\/4222"}],"wp:attachment":[{"href":"https:\/\/www.bvs-blechtechnik.de\/en\/wp-json\/wp\/v2\/media?parent=4231"}],"curies":[{"name":"wp","href":"https:\/\/api.w.org\/{rel}","templated":true}]}}